{"id":9,"date":"2016-06-17T15:05:46","date_gmt":"2016-06-17T13:05:46","guid":{"rendered":"http:\/\/aracc.ex-algebra.com\/?page_id=2"},"modified":"2025-06-19T14:12:32","modified_gmt":"2025-06-19T12:12:32","slug":"accueil","status":"publish","type":"page","link":"https:\/\/aracc.fr\/index.php\/accueil\/","title":{"rendered":"Accueil acad\u00e9mie de danse"},"content":{"rendered":"\n<h3 class=\"wp-block-heading\"> <\/h3>\n\n\n\n<p class=\"has-text-align-center has-text-color\" style=\"color:#ab10d1\"><strong> Pr\u00e9-inscriptions 2025-2026 ouvertes pour les Mercredis R\u00e9-Cr\u00e9atifs UNIQUEMENT <\/strong><\/p>\n\n\n\n<p class=\"has-text-align-center has-text-color\" style=\"color:#ab10d1\">Centre de Loisirs Artistiques en journ\u00e9e ou demi-journ\u00e9e<strong> <\/strong><\/p>\n\n\n<p>Les MERCREDI\u00a0 (hors vacances scolaires) de 8h30 \u00e0 18h<\/p>\n<p>ou en demi-journ\u00e9e : \u00e0 partir de 8h30-12h et \u00e0 partir de 13h-18h<\/p>\n<div align=\"left\"><strong>Un professeur Dipl\u00f4m\u00e9 d&rsquo;Etat<\/strong> encadre\u00a0les \u00e9l\u00e8ves o\u00f9 chaque enfant est pris en consid\u00e9ration.<img loading=\"lazy\" decoding=\"async\" class=\"wp-image-543 size-medium alignright\" src=\"https:\/\/aracc.fr\/wp-content\/uploads\/2020\/08\/gala-2010-jpg-300x198.jpg\" alt=\"gala 2010\" width=\"300\" height=\"198\" srcset=\"https:\/\/aracc.fr\/wp-content\/uploads\/2020\/08\/gala-2010-jpg-300x198.jpg 300w, https:\/\/aracc.fr\/wp-content\/uploads\/2020\/08\/gala-2010-jpg-1024x676.jpg 1024w, https:\/\/aracc.fr\/wp-content\/uploads\/2020\/08\/gala-2010-jpg-768x507.jpg 768w, https:\/\/aracc.fr\/wp-content\/uploads\/2020\/08\/gala-2010-jpg-1536x1015.jpg 1536w, https:\/\/aracc.fr\/wp-content\/uploads\/2020\/08\/gala-2010-jpg-2048x1353.jpg 2048w, https:\/\/aracc.fr\/wp-content\/uploads\/2020\/08\/gala-2010-jpg-1200x793.jpg 1200w, https:\/\/aracc.fr\/wp-content\/uploads\/2020\/08\/gala-2010-jpg-1980x1308.jpg 1980w\" sizes=\"auto, (max-width: 300px) 100vw, 300px\" \/><\/div>\n<div align=\"left\">La <strong>seule VRAIE salle de Danse de Saint Mand\u00e9<\/strong> (80 m2) au 1er \u00e9tage, plancher sur lambourdes (sans pilier), plafond \u00e9lev\u00e9.<\/div>\n<div>\n<p><img loading=\"lazy\" decoding=\"async\" class=\"size-medium wp-image-515 alignleft\" src=\"https:\/\/aracc.fr\/wp-content\/uploads\/2020\/08\/studio-jpg21151337-300x224.jpg\" alt=\"\" width=\"300\" height=\"224\" srcset=\"https:\/\/aracc.fr\/wp-content\/uploads\/2020\/08\/studio-jpg21151337-300x224.jpg 300w, https:\/\/aracc.fr\/wp-content\/uploads\/2020\/08\/studio-jpg21151337-1024x765.jpg 1024w, https:\/\/aracc.fr\/wp-content\/uploads\/2020\/08\/studio-jpg21151337-768x574.jpg 768w, https:\/\/aracc.fr\/wp-content\/uploads\/2020\/08\/studio-jpg21151337-1536x1147.jpg 1536w, https:\/\/aracc.fr\/wp-content\/uploads\/2020\/08\/studio-jpg21151337-2048x1530.jpg 2048w, https:\/\/aracc.fr\/wp-content\/uploads\/2020\/08\/studio-jpg21151337-1200x896.jpg 1200w, https:\/\/aracc.fr\/wp-content\/uploads\/2020\/08\/studio-jpg21151337-1980x1479.jpg 1980w\" sizes=\"auto, (max-width: 300px) 100vw, 300px\" \/><\/p>\n<\/div>\n<div align=\"left\">\u00a0<\/div>\n<div align=\"left\">\u00a0<\/div>\n<div align=\"left\">L&rsquo;autre particularit\u00e9 de <strong>l&rsquo;Acad\u00e9mie de Danse Jane Laoust, <\/strong>(fond\u00e9e en 1960) et d&rsquo;Arts Plastiques (Association A.R.&rsquo; A.C.C) ouverte en 2004 et ferm\u00e9e le 18 juin 2025.<\/div>\n<div align=\"left\">\u00a0<\/div>\n<div align=\"left\">\u00a0<\/div>\n<div align=\"left\">\u00a0<\/div>\n<div align=\"left\"><em>L&rsquo;association propose \u00e9galement des cours d&rsquo;<strong>Arts Plastiques<\/strong>\u00a0<span style=\"color: #ff0000;\">\u00a0<\/span><\/em><\/div>\n<div align=\"left\">\u00a0<\/div>","protected":false},"excerpt":{"rendered":"<p>Pr\u00e9-inscriptions 2025-2026 ouvertes pour les Mercredis R\u00e9-Cr\u00e9atifs UNIQUEMENT Centre de Loisirs Artistiques en journ\u00e9e ou demi-journ\u00e9e Les MERCREDI\u00a0 (hors vacances scolaires) de 8h30 \u00e0 18h ou en demi-journ\u00e9e : \u00e0 partir de 8h30-12h et \u00e0 partir de 13h-18h Un professeur Dipl\u00f4m\u00e9 d&rsquo;Etat encadre\u00a0les \u00e9l\u00e8ves o\u00f9 chaque enfant est pris en consid\u00e9ration. La seule VRAIE salle [&hellip;]<\/p>\n","protected":false},"author":1,"featured_media":0,"parent":0,"menu_order":0,"comment_status":"closed","ping_status":"open","template":"","meta":{"footnotes":""},"class_list":["post-9","page","type-page","status-publish","hentry"],"_links":{"self":[{"href":"https:\/\/aracc.fr\/index.php\/wp-json\/wp\/v2\/pages\/9","targetHints":{"allow":["GET"]}}],"collection":[{"href":"https:\/\/aracc.fr\/index.php\/wp-json\/wp\/v2\/pages"}],"about":[{"href":"https:\/\/aracc.fr\/index.php\/wp-json\/wp\/v2\/types\/page"}],"author":[{"embeddable":true,"href":"https:\/\/aracc.fr\/index.php\/wp-json\/wp\/v2\/users\/1"}],"replies":[{"embeddable":true,"href":"https:\/\/aracc.fr\/index.php\/wp-json\/wp\/v2\/comments?post=9"}],"version-history":[{"count":15,"href":"https:\/\/aracc.fr\/index.php\/wp-json\/wp\/v2\/pages\/9\/revisions"}],"predecessor-version":[{"id":851,"href":"https:\/\/aracc.fr\/index.php\/wp-json\/wp\/v2\/pages\/9\/revisions\/851"}],"wp:attachment":[{"href":"https:\/\/aracc.fr\/index.php\/wp-json\/wp\/v2\/media?parent=9"}],"curies":[{"name":"wp","href":"https:\/\/api.w.org\/{rel}","templated":true}]}}