{"id":60,"date":"2016-07-11T00:21:15","date_gmt":"2016-07-10T22:21:15","guid":{"rendered":"http:\/\/aracc.ex-algebra.com\/?page_id=60"},"modified":"2025-06-19T14:19:21","modified_gmt":"2025-06-19T12:19:21","slug":"anniversaires","status":"publish","type":"page","link":"https:\/\/aracc.fr\/index.php\/anniversaires\/","title":{"rendered":"Anniversaires"},"content":{"rendered":"<p><strong>\u00a0 \u00a0 \u00a0 \u00a0 \u00a0\u00a0<\/strong><\/p>\n<p><strong>Venez f\u00eater votre anniversaire \u00e0 l&rsquo;AR&rsquo;ACC<\/strong> dans ses locaux &#8230;<\/p>\n<p>Animations d&rsquo;ateliers et cours pour enfants \u00e0 partir de 4 ans encadr\u00e9 par deux animateurs <em>(pr\u00e9sence possible d&rsquo;un ou des deux parents de l&rsquo;enfants qui f\u00eate son anniversaire)<\/em> pour 8 \u00e0 24 enfants &#8230; \u00e0 partir de 350\u20ac (frais de mat\u00e9riel* et assurance compris). <em>*argile pour sculpture en sus.<\/em><\/p>\n<figure id=\"attachment_509\" aria-describedby=\"caption-attachment-509\" style=\"width: 300px\" class=\"wp-caption alignnone\"><img loading=\"lazy\" decoding=\"async\" class=\"wp-image-509 size-medium\" src=\"https:\/\/aracc.fr\/wp-content\/uploads\/2020\/08\/IMG_1483-300x225.jpg\" alt=\"\" width=\"300\" height=\"225\" srcset=\"https:\/\/aracc.fr\/wp-content\/uploads\/2020\/08\/IMG_1483-300x225.jpg 300w, https:\/\/aracc.fr\/wp-content\/uploads\/2020\/08\/IMG_1483.jpg 640w\" sizes=\"auto, (max-width: 300px) 100vw, 300px\" \/><figcaption id=\"caption-attachment-509\" class=\"wp-caption-text\">cour<\/figcaption><\/figure>\n<figure id=\"attachment_457\" aria-describedby=\"caption-attachment-457\" style=\"width: 300px\" class=\"wp-caption alignnone\"><img loading=\"lazy\" decoding=\"async\" class=\"wp-image-457 size-medium\" src=\"https:\/\/aracc.fr\/wp-content\/uploads\/2020\/08\/IMG_1482-300x225.jpg\" alt=\"\" width=\"300\" height=\"225\" srcset=\"https:\/\/aracc.fr\/wp-content\/uploads\/2020\/08\/IMG_1482-300x225.jpg 300w, https:\/\/aracc.fr\/wp-content\/uploads\/2020\/08\/IMG_1482.jpg 640w\" sizes=\"auto, (max-width: 300px) 100vw, 300px\" \/><figcaption id=\"caption-attachment-457\" class=\"wp-caption-text\">cour et petit atelier<\/figcaption><\/figure>\n<p>L&rsquo;enfant, roi ou reine de la f\u00eate, pourra choisir deux activit\u00e9s et leur th\u00e8me durant 3h d&rsquo;animation (le samedi\u00a0 ou dimanche apr\u00e8s-midi).<\/p>\n<p>Activit\u00e9s : <strong>Danse<\/strong> (eveil, classique ou modern-jazz), <strong>Arts Plastiques<\/strong> (dessin, peinture, sculpture), Animation <strong>Musique<\/strong> (percussion) ou <strong>Th\u00e9\u00e2tre<\/strong><\/p>\n<p>Th\u00e8mes : ex. Princesses, Animaux imaginaires, Dragons, Mangas, Super H\u00e9ros, Pokemons etc.<\/p>\n<p>&#8230;Et se conclura par le go\u00fbter d&rsquo;anniversaire et les cadeaux. Chaque enfant partira avec sa \u00ab\u00a0cr\u00e9ation\u00a0\u00bb : souvenir de la f\u00eate.<\/p>\n<p><em>Pensez \u00e0 r\u00e9server votre date en avance &#8230;<\/em><\/p>\n<figure id=\"attachment_491\" aria-describedby=\"caption-attachment-491\" style=\"width: 300px\" class=\"wp-caption alignnone\"><img loading=\"lazy\" decoding=\"async\" class=\"wp-image-491 size-medium\" src=\"https:\/\/aracc.fr\/wp-content\/uploads\/2020\/08\/IMG_2732-300x169.png\" alt=\"\" width=\"300\" height=\"169\" srcset=\"https:\/\/aracc.fr\/wp-content\/uploads\/2020\/08\/IMG_2732-300x169.png 300w, https:\/\/aracc.fr\/wp-content\/uploads\/2020\/08\/IMG_2732.png 640w\" sizes=\"auto, (max-width: 300px) 100vw, 300px\" \/><figcaption id=\"caption-attachment-491\" class=\"wp-caption-text\">salle de musique<\/figcaption><\/figure>\n<figure id=\"attachment_443\" aria-describedby=\"caption-attachment-443\" style=\"width: 300px\" class=\"wp-caption alignnone\"><img loading=\"lazy\" decoding=\"async\" class=\"wp-image-443 size-medium\" src=\"https:\/\/aracc.fr\/wp-content\/uploads\/2020\/08\/IMG_2731-300x169.png\" alt=\"\" width=\"300\" height=\"169\" srcset=\"https:\/\/aracc.fr\/wp-content\/uploads\/2020\/08\/IMG_2731-300x169.png 300w, https:\/\/aracc.fr\/wp-content\/uploads\/2020\/08\/IMG_2731.png 640w\" sizes=\"auto, (max-width: 300px) 100vw, 300px\" \/><figcaption id=\"caption-attachment-443\" class=\"wp-caption-text\">Salle polyvalente dite \u00ab salle zen \u00bb<\/figcaption><\/figure>\n","protected":false},"excerpt":{"rendered":"<p>\u00a0 \u00a0 \u00a0 \u00a0 \u00a0\u00a0 Venez f\u00eater votre anniversaire \u00e0 l&rsquo;AR&rsquo;ACC dans ses locaux &#8230; Animations d&rsquo;ateliers et cours pour enfants \u00e0 partir de 4 ans encadr\u00e9 par deux animateurs (pr\u00e9sence possible d&rsquo;un ou des deux parents de l&rsquo;enfants qui f\u00eate son anniversaire) pour 8 \u00e0 24 enfants &#8230; \u00e0 partir de 350\u20ac (frais de [&hellip;]<\/p>\n","protected":false},"author":1,"featured_media":0,"parent":0,"menu_order":0,"comment_status":"closed","ping_status":"closed","template":"","meta":{"footnotes":""},"class_list":["post-60","page","type-page","status-publish","hentry"],"_links":{"self":[{"href":"https:\/\/aracc.fr\/index.php\/wp-json\/wp\/v2\/pages\/60","targetHints":{"allow":["GET"]}}],"collection":[{"href":"https:\/\/aracc.fr\/index.php\/wp-json\/wp\/v2\/pages"}],"about":[{"href":"https:\/\/aracc.fr\/index.php\/wp-json\/wp\/v2\/types\/page"}],"author":[{"embeddable":true,"href":"https:\/\/aracc.fr\/index.php\/wp-json\/wp\/v2\/users\/1"}],"replies":[{"embeddable":true,"href":"https:\/\/aracc.fr\/index.php\/wp-json\/wp\/v2\/comments?post=60"}],"version-history":[{"count":8,"href":"https:\/\/aracc.fr\/index.php\/wp-json\/wp\/v2\/pages\/60\/revisions"}],"predecessor-version":[{"id":835,"href":"https:\/\/aracc.fr\/index.php\/wp-json\/wp\/v2\/pages\/60\/revisions\/835"}],"wp:attachment":[{"href":"https:\/\/aracc.fr\/index.php\/wp-json\/wp\/v2\/media?parent=60"}],"curies":[{"name":"wp","href":"https:\/\/api.w.org\/{rel}","templated":true}]}}