{"id":501,"date":"2016-07-08T19:04:04","date_gmt":"2016-07-08T17:04:04","guid":{"rendered":"http:\/\/aracc.ex-algebra.com\/?page_id=25"},"modified":"2025-06-19T14:17:45","modified_gmt":"2025-06-19T12:17:45","slug":"accueil-2","status":"publish","type":"page","link":"https:\/\/aracc.fr\/","title":{"rendered":"Accueil ARACC"},"content":{"rendered":"\n<h3 class=\"has-text-align-left wp-block-heading\"><script type=\"text\/javascript\">\r\ndocument.addEventListener(\"DOMContentLoaded\", function(event) { \r\n\tjQuery( '#slider-pro-3-630' ).sliderPro({\r\n\t\t\/\/width\r\n\t\t\t\tforceSize: 'fullWidth', \/\/'fullWidth', 'fullWindow', 'none'\r\n\t\t\t\t\r\n\t\t\/\/height\r\n\t\t\t\tautoHeight: true,\r\n\t\t\t\t\r\n\t\t\/\/autoplay\r\n\t\t\t\tautoplay:  true,\r\n\t\tautoplayOnHover: 'none',\r\n\t\t\t\t\t\t\t\tautoplayDelay: 5000,\r\n\t\t\r\n\t\t\r\n\t\tarrows: true,\r\n\t\tbuttons: true,\r\n\t\tsmallSize: 500,\r\n\t\tmediumSize: 1000,\r\n\t\tlargeSize: 3000,\r\n\t\tfade: true,\r\n\t\t\r\n\t\t\/\/thumbnail\r\n\t\tthumbnailArrows: true,\r\n\t\tthumbnailWidth: 300,\r\n\t\tthumbnailHeight: 120,\r\n\t\t\t\t\t\tthumbnailsPosition: 'bottom',\r\n\t\t\t\t\t\tcenterImage: true,\r\n\t\timageScaleMode: 'cover',\r\n\t\tallowScaleUp: true,\r\n\t\t\t\tstartSlide: 0,\r\n\t\tloop: true,\r\n\t\tslideDistance: 5,\r\n\t\tautoplayDirection: 'normal',\r\n\t\ttouchSwipe: true,\r\n\t\tfullScreen: true,\r\n\t});\r\n});\r\n<\/script>\r\n<style>\r\n\/* Layout 3 *\/\r\n\/* border *\/\r\n#slider-pro-3-630 .sp-selected-thumbnail {\r\n\tborder: 4px solid #000000;\r\n}\r\n\r\n\/* font + color *\/\r\n.title-in  {\r\n\tfont-family: Arial !important;\r\n\tcolor: #FFFFFF !important;\r\n\tbackground-color: #000000 !important;\r\n\topacity: 0.7 !important;\r\n}\r\n.desc-in  {\r\n\tfont-family: Arial !important;\r\n\tcolor: #FFFFFF !important;\r\n\tbackground-color: #00000 !important;\r\n\topacity: 0.7 !important;\r\n}\r\n\r\n\/* bullets color *\/\r\n.sp-button  {\r\n\tborder: 2px solid #000000 !important;\r\n}\r\n.sp-selected-button  {\r\n\tbackground-color: #000000 !important;\r\n}\r\n\r\n\/* pointer color - bottom *\/\r\n.sp-selected-thumbnail::before {\r\n\tborder-bottom: 5px solid #000000 !important;\r\n}\r\n.sp-selected-thumbnail::after {\r\n\tborder-bottom: 13px solid #000000 !important;\r\n}\r\n\r\n\/* pointer color - top *\/\r\n\r\n\/* full screen icon *\/\r\n.sp-full-screen-button::before {\r\n    color: #FFFFFF !important;\r\n}\r\n\r\n\/* hover navigation icon color *\/\r\n.sp-next-arrow::after, .sp-next-arrow::before {\r\n\tbackground-color: #FFFFFF !important;\r\n}\r\n.sp-previous-arrow::after, .sp-previous-arrow::before {\r\n\tbackground-color: #FFFFFF !important;\r\n}\r\n\r\n#slider-pro-3-630 .title-in {\r\n\tcolor: #FFFFFF !important;\r\n\tfont-weight: bolder;\r\n\ttext-align: center;\r\n}\r\n\r\n#slider-pro-3-630 .title-in-bg {\r\n\tbackground: rgba(255, 255, 255, 0.7); !important;\r\n\twhite-space: unset !important;\r\n\tmax-width: 90%;\r\n\tmin-width: 40%;\r\n\ttransform: initial !important;\r\n\t-webkit-transform: initial !important;\r\n\tfont-size: 14px !important;\r\n}\r\n\r\n#slider-pro-3-630 .desc-in {\r\n\tcolor: #FFFFFF !important;\r\n\ttext-align: center;\r\n}\r\n#slider-pro-3-630 .desc-in-bg {\r\n\tbackground: rgba(#00000, 0.7) !important;\r\n\twhite-space: unset !important;\r\n\twidth: 80% !important;\r\n\tmin-width: 30%;\r\n\ttransform: initial !important;\r\n\t-webkit-transform: initial !important;\r\n\tfont-size: 13px !important;\r\n}\r\n\r\n@media (max-width: 640px) {\r\n\t#slider-pro-3-630 .hide-small-screen {\r\n\t\tdisplay: none;\r\n\t}\r\n}\r\n\r\n@media (max-width: 860px) {\r\n\t#slider-pro-3-630 .sp-layer {\r\n\t\tfont-size: 18px;\r\n\t}\r\n\t\r\n\t#slider-pro-3-630 .hide-medium-screen {\r\n\t\tdisplay: none;\r\n\t}\r\n}\r\n.slides-not-found {\r\n\tbackground-color: #a92929;\r\n\tborder-radius: 5px;\r\n\tcolor: #fff;\r\n\tfont-family: initial;\r\n\ttext-align: center;\r\n\tpadding:12px;\r\n}\r\n\/* Custom CSS *\/\r\n<\/style>\r\n\t\t<div id=\"slider-pro-3-630\" class=\"slider-pro\">\r\n\t\t\t<!---- slides div start ---->\r\n\t\t\t<div class=\"sp-slides\">\r\n\t\t\t\t\t\t\t\t\t\t<div class=\"sp-slide\">\r\n\t\t\t\t\t\t\t<img decoding=\"async\" class=\"sp-image\" alt=\"slider-aracc-art-pla\" src=\"https:\/\/aracc.fr\/wp-content\/plugins\/ultimate-responsive-image-slider\/assets\/css\/images\/blank.gif\" data-src=\"https:\/\/aracc.fr\/wp-content\/uploads\/2020\/08\/slider-aracc-art-pla.jpg\" \/>\r\n\r\n\t\t\t\t\t\t\t\r\n\t\t\t\t\t\t\t\t\t\t\t\t\t<\/div>\r\n\t\t\t\t\t\t\t\t\t\t\t\t<div class=\"sp-slide\">\r\n\t\t\t\t\t\t\t<img decoding=\"async\" class=\"sp-image\" alt=\"slider-site-aracc\" src=\"https:\/\/aracc.fr\/wp-content\/plugins\/ultimate-responsive-image-slider\/assets\/css\/images\/blank.gif\" data-src=\"https:\/\/aracc.fr\/wp-content\/uploads\/2020\/08\/slider-site-aracc.jpg\" \/>\r\n\r\n\t\t\t\t\t\t\t\r\n\t\t\t\t\t\t\t\t\t\t\t\t\t<\/div>\r\n\t\t\t\t\t\t\t\t\t\t\t\t<div class=\"sp-slide\">\r\n\t\t\t\t\t\t\t<img decoding=\"async\" class=\"sp-image\" alt=\"slider-danse-aracc\" src=\"https:\/\/aracc.fr\/wp-content\/plugins\/ultimate-responsive-image-slider\/assets\/css\/images\/blank.gif\" data-src=\"https:\/\/aracc.fr\/wp-content\/uploads\/2020\/08\/slider-danse-aracc.jpg\" \/>\r\n\r\n\t\t\t\t\t\t\t\r\n\t\t\t\t\t\t\t\t\t\t\t\t\t<\/div>\r\n\t\t\t\t\t\t\t\t\t<\/div>\r\n\t\t\t\r\n\t\t\t<!---- slides div end ---->\r\n\t\t\t\t\t\t<!-- slides thumbnails div end -->\r\n\t\t<\/div>\r\n<\/h3>\n\n\n\n<p class=\"has-accent-color has-text-color\"><strong>Pr\u00e9-inscriptions 2025-2026 ouvertes<\/strong> pour les Mercredis R\u00e9-Cr\u00e9atifs (Centre de Loisirs Artistique du Mercredi)<\/p>\n\n\n<h2 class=\"featured-subtitle\">Association de Recherche Artistique Culturelle et Chor\u00e9graphique : Ar&rsquo;Acc<\/h2>\n<p><img loading=\"lazy\" decoding=\"async\" class=\"alignnone size-medium wp-image-505\" src=\"https:\/\/aracc.fr\/wp-content\/uploads\/2020\/08\/Danse-300x200.jpg\" alt=\"\" width=\"300\" height=\"200\" srcset=\"https:\/\/aracc.fr\/wp-content\/uploads\/2020\/08\/Danse-300x200.jpg 300w, https:\/\/aracc.fr\/wp-content\/uploads\/2020\/08\/Danse-1024x683.jpg 1024w, https:\/\/aracc.fr\/wp-content\/uploads\/2020\/08\/Danse-768x512.jpg 768w, https:\/\/aracc.fr\/wp-content\/uploads\/2020\/08\/Danse-1536x1024.jpg 1536w, https:\/\/aracc.fr\/wp-content\/uploads\/2020\/08\/Danse-2048x1365.jpg 2048w, https:\/\/aracc.fr\/wp-content\/uploads\/2020\/08\/Danse-1200x800.jpg 1200w, https:\/\/aracc.fr\/wp-content\/uploads\/2020\/08\/Danse-1980x1320.jpg 1980w\" sizes=\"auto, (max-width: 300px) 100vw, 300px\" \/><img loading=\"lazy\" decoding=\"async\" class=\"alignnone size-medium wp-image-506\" src=\"https:\/\/aracc.fr\/wp-content\/uploads\/2020\/08\/studio-jpg-300x224.jpg\" alt=\"\" width=\"300\" height=\"224\" srcset=\"https:\/\/aracc.fr\/wp-content\/uploads\/2020\/08\/studio-jpg-300x224.jpg 300w, https:\/\/aracc.fr\/wp-content\/uploads\/2020\/08\/studio-jpg-1024x765.jpg 1024w, https:\/\/aracc.fr\/wp-content\/uploads\/2020\/08\/studio-jpg-768x574.jpg 768w, https:\/\/aracc.fr\/wp-content\/uploads\/2020\/08\/studio-jpg-1536x1147.jpg 1536w, https:\/\/aracc.fr\/wp-content\/uploads\/2020\/08\/studio-jpg-2048x1530.jpg 2048w, https:\/\/aracc.fr\/wp-content\/uploads\/2020\/08\/studio-jpg-1200x896.jpg 1200w, https:\/\/aracc.fr\/wp-content\/uploads\/2020\/08\/studio-jpg-1980x1479.jpg 1980w\" sizes=\"auto, (max-width: 300px) 100vw, 300px\" \/><\/p>\n<p style=\"text-align: center;\">L&rsquo;Association dispose de nombreuses salles utilis\u00e9es pour les Mercredis R\u00e9-Cr\u00e9atifs (centre de loisirs artistiques) en journ\u00e9e ou demi-journ\u00e9es<\/p>\n<p style=\"text-align: center;\"><b>\u00a0<\/b><\/p>\n<p style=\"text-align: right;\"><img loading=\"lazy\" decoding=\"async\" class=\"wp-image-519 aligncenter\" src=\"https:\/\/aracc.fr\/wp-content\/uploads\/2020\/08\/petit-atelier-300x174.jpg\" alt=\"\" width=\"381\" height=\"221\" srcset=\"https:\/\/aracc.fr\/wp-content\/uploads\/2020\/08\/petit-atelier-300x174.jpg 300w, https:\/\/aracc.fr\/wp-content\/uploads\/2020\/08\/petit-atelier-1024x596.jpg 1024w, https:\/\/aracc.fr\/wp-content\/uploads\/2020\/08\/petit-atelier-768x447.jpg 768w, https:\/\/aracc.fr\/wp-content\/uploads\/2020\/08\/petit-atelier-1536x893.jpg 1536w, https:\/\/aracc.fr\/wp-content\/uploads\/2020\/08\/petit-atelier-2048x1191.jpg 2048w, https:\/\/aracc.fr\/wp-content\/uploads\/2020\/08\/petit-atelier-1200x698.jpg 1200w, https:\/\/aracc.fr\/wp-content\/uploads\/2020\/08\/petit-atelier-1980x1152.jpg 1980w\" sizes=\"auto, (max-width: 381px) 100vw, 381px\" \/><\/p>\n<p><img loading=\"lazy\" decoding=\"async\" class=\"wp-image-471  aligncenter\" src=\"https:\/\/aracc.fr\/wp-content\/uploads\/2020\/08\/IMG_1484-300x225.jpg\" alt=\"\" width=\"289\" height=\"217\" srcset=\"https:\/\/aracc.fr\/wp-content\/uploads\/2020\/08\/IMG_1484-300x225.jpg 300w, https:\/\/aracc.fr\/wp-content\/uploads\/2020\/08\/IMG_1484.jpg 640w\" sizes=\"auto, (max-width: 289px) 100vw, 289px\" \/><\/p>\n<p>Les salles\u00a0 au R-C-H sont ADAP :\u00a0 acc\u00e8s et\u00a0normes handicap\u00e9s<\/p>\n<ul>\n<li><strong>une vraie salle de danse de 80m2<\/strong> avec plancher sur lambourdes au 1er \u00e9tage et ses vestiaires<\/li>\n<li><strong>une salle polyvalente de plus de 100m2<\/strong> avec puit de lumi\u00e8re attenante \u00e0 une autre <strong>salle de 42 m2 \u00ab\u00a0atelier musique\u00a0\u00bb<\/strong> pour les\u00a0<\/li>\n<li><strong>un \u00ab\u00a0petit atelier\u00a0\u00bb 35 m2 et son annexe de 30 m2 env.<\/strong> donnant sur cour est d\u00e9di\u00e9e aux <strong>Arts Plastiques<\/strong> et \u00e0 <strong>la sculpture <\/strong>en particulier.\u00a0<\/li>\n<\/ul>\n<p style=\"text-align: center;\"><a href=\"https:\/\/aracc.fr\/wp-content\/uploads\/2020\/08\/Nouveau-BULLETIN-DE-PREINSCRIPTION-ARACC.doc\">Nouveau BULLETIN DE PREINSCRIPTION ARACC<\/a> Association<\/p>\n<p style=\"text-align: center;\">\u00a0<\/p>","protected":false},"excerpt":{"rendered":"<p>Pr\u00e9-inscriptions 2025-2026 ouvertes pour les Mercredis R\u00e9-Cr\u00e9atifs (Centre de Loisirs Artistique du Mercredi) Association de Recherche Artistique Culturelle et Chor\u00e9graphique : Ar&rsquo;Acc L&rsquo;Association dispose de nombreuses salles utilis\u00e9es pour les Mercredis R\u00e9-Cr\u00e9atifs (centre de loisirs artistiques) en journ\u00e9e ou demi-journ\u00e9es \u00a0 Les salles\u00a0 au R-C-H sont ADAP :\u00a0 acc\u00e8s et\u00a0normes handicap\u00e9s une vraie salle de [&hellip;]<\/p>\n","protected":false},"author":1,"featured_media":49,"parent":0,"menu_order":0,"comment_status":"closed","ping_status":"closed","template":"","meta":{"footnotes":""},"class_list":["post-501","page","type-page","status-publish","has-post-thumbnail","hentry"],"_links":{"self":[{"href":"https:\/\/aracc.fr\/index.php\/wp-json\/wp\/v2\/pages\/501","targetHints":{"allow":["GET"]}}],"collection":[{"href":"https:\/\/aracc.fr\/index.php\/wp-json\/wp\/v2\/pages"}],"about":[{"href":"https:\/\/aracc.fr\/index.php\/wp-json\/wp\/v2\/types\/page"}],"author":[{"embeddable":true,"href":"https:\/\/aracc.fr\/index.php\/wp-json\/wp\/v2\/users\/1"}],"replies":[{"embeddable":true,"href":"https:\/\/aracc.fr\/index.php\/wp-json\/wp\/v2\/comments?post=501"}],"version-history":[{"count":22,"href":"https:\/\/aracc.fr\/index.php\/wp-json\/wp\/v2\/pages\/501\/revisions"}],"predecessor-version":[{"id":853,"href":"https:\/\/aracc.fr\/index.php\/wp-json\/wp\/v2\/pages\/501\/revisions\/853"}],"wp:featuredmedia":[{"embeddable":true,"href":"https:\/\/aracc.fr\/index.php\/wp-json\/"}],"wp:attachment":[{"href":"https:\/\/aracc.fr\/index.php\/wp-json\/wp\/v2\/media?parent=501"}],"curies":[{"name":"wp","href":"https:\/\/api.w.org\/{rel}","templated":true}]}}