{"id":499,"date":"2016-07-07T16:51:52","date_gmt":"2016-07-07T14:51:52","guid":{"rendered":"http:\/\/aracc.ex-algebra.com\/?page_id=11"},"modified":"2025-06-30T19:09:13","modified_gmt":"2025-06-30T17:09:13","slug":"arts-plastiques","status":"publish","type":"page","link":"https:\/\/aracc.fr\/index.php\/arts-plastiques\/","title":{"rendered":"Acad\u00e9mie d&rsquo; Arts plastiques"},"content":{"rendered":"\n<p class=\"has-text-align-center has-accent-color has-text-color\"><strong> <\/strong><\/p>\n\n\n<p><span style=\"color: #800080;\"><strong>Pr\u00e9-inscriptions 2025-2026\u00a0 ouvertes pour les mercredis R\u00e9-Cr\u00e9atifs uniquement <\/strong><\/span><\/p>\n<p><span style=\"color: #800080;\"><strong>(Centre de Loisirs Artistiques en journ\u00e9e ou demi-journ\u00e9e)<\/strong><\/span><\/p>\n<p><strong>Laoust Art Acad\u00e9mie<\/strong> :<\/p>\n<p style=\"text-align: left;\">Arts plastiques \u00e0 Saint Mand\u00e9<img loading=\"lazy\" decoding=\"async\" class=\"size-medium wp-image-519 alignnone\" src=\"https:\/\/aracc.fr\/wp-content\/uploads\/2020\/08\/petit-atelier-300x174.jpg\" alt=\"\" width=\"300\" height=\"174\" srcset=\"https:\/\/aracc.fr\/wp-content\/uploads\/2020\/08\/petit-atelier-300x174.jpg 300w, https:\/\/aracc.fr\/wp-content\/uploads\/2020\/08\/petit-atelier-1024x596.jpg 1024w, https:\/\/aracc.fr\/wp-content\/uploads\/2020\/08\/petit-atelier-768x447.jpg 768w, https:\/\/aracc.fr\/wp-content\/uploads\/2020\/08\/petit-atelier-1536x893.jpg 1536w, https:\/\/aracc.fr\/wp-content\/uploads\/2020\/08\/petit-atelier-2048x1191.jpg 2048w, https:\/\/aracc.fr\/wp-content\/uploads\/2020\/08\/petit-atelier-1200x698.jpg 1200w, https:\/\/aracc.fr\/wp-content\/uploads\/2020\/08\/petit-atelier-1980x1152.jpg 1980w\" sizes=\"auto, (max-width: 300px) 100vw, 300px\" \/><\/p>\n<p style=\"text-align: left;\"><a href=\"http:\/\/www.laoust-art-academie.fr\/\">les ateliers que nous h\u00e9bergeons<\/a>\u00a0dans un \u00e9crin de verdure.<\/p>\n<figure id=\"attachment_457\" aria-describedby=\"caption-attachment-457\" style=\"width: 300px\" class=\"wp-caption aligncenter\"><img loading=\"lazy\" decoding=\"async\" class=\"size-medium wp-image-457\" src=\"https:\/\/aracc.fr\/wp-content\/uploads\/2020\/08\/IMG_1482-300x225.jpg\" alt=\"\" width=\"300\" height=\"225\" srcset=\"https:\/\/aracc.fr\/wp-content\/uploads\/2020\/08\/IMG_1482-300x225.jpg 300w, https:\/\/aracc.fr\/wp-content\/uploads\/2020\/08\/IMG_1482.jpg 640w\" sizes=\"auto, (max-width: 300px) 100vw, 300px\" \/><figcaption id=\"caption-attachment-457\" class=\"wp-caption-text\">cour et petit atelier<\/figcaption><\/figure>\n<p>\u00a0<em><strong>Nous vous informons que les cours d&rsquo;Arts Plastiques se d\u00e9rouleront dans le cadre des \u00ab\u00a0mercredis r\u00e9-cr\u00e9atifs\u00a0\u00bb : Dessin le matin et Arts Plastiques toutes techniques l&rsquo;apr\u00e8s-midi. R\u00e9serv\u00e9 aux enfants inscrits en journ\u00e9e ou demi-journ\u00e9e au centre de Loisirs Artistiques.<\/strong><\/em><\/p>\n<p>\u00a0 Atelier d&rsquo;Arts Plastiques au RCH donnant prolong\u00e9e sur serre d&rsquo;hiver donnant sur cour int\u00e9rieure priv\u00e9e.<\/p>\n<p style=\"text-align: center;\"><img loading=\"lazy\" decoding=\"async\" class=\"alignnone size-medium wp-image-461\" src=\"https:\/\/aracc.fr\/wp-content\/uploads\/2020\/08\/IMG_4242-225x300.jpg\" alt=\"\" width=\"225\" height=\"300\" srcset=\"https:\/\/aracc.fr\/wp-content\/uploads\/2020\/08\/IMG_4242-225x300.jpg 225w, https:\/\/aracc.fr\/wp-content\/uploads\/2020\/08\/IMG_4242-768x1024.jpg 768w, https:\/\/aracc.fr\/wp-content\/uploads\/2020\/08\/IMG_4242-1152x1536.jpg 1152w, https:\/\/aracc.fr\/wp-content\/uploads\/2020\/08\/IMG_4242-1200x1600.jpg 1200w, https:\/\/aracc.fr\/wp-content\/uploads\/2020\/08\/IMG_4242-rotated.jpg 1224w\" sizes=\"auto, (max-width: 225px) 100vw, 225px\" \/><\/p>\n<div class=\"wa-comp wa-text wa-bg-gradient param[grad(rgba(0,0,0,0)) border(0 #969696)] \" style=\"text-align: center;\">\u00a0<\/div>","protected":false},"excerpt":{"rendered":"<p>Pr\u00e9-inscriptions 2025-2026\u00a0 ouvertes pour les mercredis R\u00e9-Cr\u00e9atifs uniquement (Centre de Loisirs Artistiques en journ\u00e9e ou demi-journ\u00e9e) Laoust Art Acad\u00e9mie : Arts plastiques \u00e0 Saint Mand\u00e9 les ateliers que nous h\u00e9bergeons\u00a0dans un \u00e9crin de verdure. \u00a0Nous vous informons que les cours d&rsquo;Arts Plastiques se d\u00e9rouleront dans le cadre des \u00ab\u00a0mercredis r\u00e9-cr\u00e9atifs\u00a0\u00bb : Dessin le matin et [&hellip;]<\/p>\n","protected":false},"author":1,"featured_media":0,"parent":0,"menu_order":0,"comment_status":"closed","ping_status":"closed","template":"","meta":{"footnotes":""},"class_list":["post-499","page","type-page","status-publish","hentry"],"_links":{"self":[{"href":"https:\/\/aracc.fr\/index.php\/wp-json\/wp\/v2\/pages\/499","targetHints":{"allow":["GET"]}}],"collection":[{"href":"https:\/\/aracc.fr\/index.php\/wp-json\/wp\/v2\/pages"}],"about":[{"href":"https:\/\/aracc.fr\/index.php\/wp-json\/wp\/v2\/types\/page"}],"author":[{"embeddable":true,"href":"https:\/\/aracc.fr\/index.php\/wp-json\/wp\/v2\/users\/1"}],"replies":[{"embeddable":true,"href":"https:\/\/aracc.fr\/index.php\/wp-json\/wp\/v2\/comments?post=499"}],"version-history":[{"count":13,"href":"https:\/\/aracc.fr\/index.php\/wp-json\/wp\/v2\/pages\/499\/revisions"}],"predecessor-version":[{"id":861,"href":"https:\/\/aracc.fr\/index.php\/wp-json\/wp\/v2\/pages\/499\/revisions\/861"}],"wp:attachment":[{"href":"https:\/\/aracc.fr\/index.php\/wp-json\/wp\/v2\/media?parent=499"}],"curies":[{"name":"wp","href":"https:\/\/api.w.org\/{rel}","templated":true}]}}