{"id":248,"date":"2017-08-06T19:39:29","date_gmt":"2017-08-06T17:39:29","guid":{"rendered":"http:\/\/www.aracc.fr\/\/?page_id=248"},"modified":"2025-06-19T17:43:37","modified_gmt":"2025-06-19T15:43:37","slug":"ateliers-du-mercredi","status":"publish","type":"page","link":"https:\/\/aracc.fr\/index.php\/ateliers-du-mercredi\/","title":{"rendered":"Ateliers  R\u00e9-Cr\u00e9atifs du mercredi : Centre de Loisirs Artistiques"},"content":{"rendered":"<div class=\"page\" title=\"Page 1\">\n<div class=\"section\">\n<div class=\"layoutArea\">\n<div class=\"column\">\n<h5 style=\"text-align: center;\"><span style=\"color: #ff0000;\">\u00a0<\/span><\/h5>\n<\/div>\n<\/div>\n<\/div>\n<\/div>\n<div class=\"page\" title=\"Page 2\">\n<div class=\"section\">\n<div class=\"layoutArea\">\n<div class=\"column\">\n<p class=\"p1\" style=\"text-align: center;\"><strong>Centre de Loisirs Artistiques de l&rsquo;Ar&rsquo;Acc<\/strong><\/p>\n<p class=\"p1\"><span class=\"s1\">L&rsquo;<span style=\"color: #0000ff;\"><b>Ar&rsquo;acc<\/b>\u00a0<\/span>(<span style=\"color: #0000ff;\"><b>A<\/b><\/span>ssociation de\u00a0<span style=\"color: #0000ff;\"><b>R<\/b><\/span>echerche\u00a0<span style=\"color: #0000ff;\"><b>A<\/b><\/span>rtistique\u00a0<span style=\"color: #0000ff;\"><b>C<\/b><\/span>ulturelle et\u00a0<span style=\"color: #0000ff;\"><b>C<\/b><\/span>hor\u00e9graphique) vous pr\u00e9sente les<\/span><span class=\"s2\">\u00a0<\/span><span style=\"color: #3366ff;\"><span class=\"s1\"><b>mercredis R\u00e9-Cr\u00e9atifs<\/b><\/span><span class=\"s2\">\u00a0:<\/span><\/span><\/p>\n<p class=\"p3\" style=\"text-align: center;\"><span class=\"s1\">des ateliers : Art Cr\u00e9atif, Th\u00e9\u00e2tre, Danse, Arts Plastiques (dessin, peinture, sculpture), Cr\u00e9ation Textile, \u00e9veil Musical, English Talk &#8230;<\/span><\/p>\n<figure id=\"attachment_455\" aria-describedby=\"caption-attachment-455\" style=\"width: 225px\" class=\"wp-caption alignnone\"><img loading=\"lazy\" decoding=\"async\" class=\"wp-image-455 size-medium\" title=\"moment du conte\" src=\"https:\/\/aracc.fr\/wp-content\/uploads\/2020\/08\/IMG_1731-225x300.jpg\" alt=\"moment du conte\" width=\"225\" height=\"300\" srcset=\"https:\/\/aracc.fr\/wp-content\/uploads\/2020\/08\/IMG_1731-225x300.jpg 225w, https:\/\/aracc.fr\/wp-content\/uploads\/2020\/08\/IMG_1731-768x1024.jpg 768w, https:\/\/aracc.fr\/wp-content\/uploads\/2020\/08\/IMG_1731-1152x1536.jpg 1152w, https:\/\/aracc.fr\/wp-content\/uploads\/2020\/08\/IMG_1731-1536x2048.jpg 1536w, https:\/\/aracc.fr\/wp-content\/uploads\/2020\/08\/IMG_1731-1200x1600.jpg 1200w, https:\/\/aracc.fr\/wp-content\/uploads\/2020\/08\/IMG_1731-1980x2640.jpg 1980w, https:\/\/aracc.fr\/wp-content\/uploads\/2020\/08\/IMG_1731-scaled.jpg 1920w\" sizes=\"auto, (max-width: 225px) 100vw, 225px\" \/><figcaption id=\"caption-attachment-455\" class=\"wp-caption-text\">moment du conte<\/figcaption><\/figure>\n<\/div>\n<figure id=\"attachment_509\" aria-describedby=\"caption-attachment-509\" style=\"width: 300px\" class=\"wp-caption alignnone\"><img loading=\"lazy\" decoding=\"async\" class=\"size-medium wp-image-509\" src=\"https:\/\/aracc.fr\/wp-content\/uploads\/2020\/08\/IMG_1483-300x225.jpg\" alt=\"\" width=\"300\" height=\"225\" srcset=\"https:\/\/aracc.fr\/wp-content\/uploads\/2020\/08\/IMG_1483-300x225.jpg 300w, https:\/\/aracc.fr\/wp-content\/uploads\/2020\/08\/IMG_1483.jpg 640w\" sizes=\"auto, (max-width: 300px) 100vw, 300px\" \/><figcaption id=\"caption-attachment-509\" class=\"wp-caption-text\">cour<\/figcaption><\/figure>\n<br \/><br \/>\n<figure id=\"attachment_471\" aria-describedby=\"caption-attachment-471\" style=\"width: 300px\" class=\"wp-caption alignnone\"><img loading=\"lazy\" decoding=\"async\" class=\"size-medium wp-image-471\" src=\"https:\/\/aracc.fr\/wp-content\/uploads\/2020\/08\/IMG_1484-300x225.jpg\" alt=\"\" width=\"300\" height=\"225\" srcset=\"https:\/\/aracc.fr\/wp-content\/uploads\/2020\/08\/IMG_1484-300x225.jpg 300w, https:\/\/aracc.fr\/wp-content\/uploads\/2020\/08\/IMG_1484.jpg 640w\" sizes=\"auto, (max-width: 300px) 100vw, 300px\" \/><figcaption id=\"caption-attachment-471\" class=\"wp-caption-text\">petit jardin avec animaux<\/figcaption><\/figure>\n<\/div>\n<div class=\"layoutArea\">\n<div class=\"column\">\n<pre class=\"p3\"><span class=\"s1\">De\u00a0 <strong>4 ans<\/strong><em> (3 ans sous certaines conditions) <\/em><\/span><span class=\"s3\">\u00a0\u00e0 <strong>12 ans<\/strong><b>: <\/b><\/span><\/pre>\n<p class=\"p3\"><strong style=\"font-size: inherit;\">\u00a0Un mode de garde complet pour votre enfant<\/strong><span style=\"font-size: inherit;\">, avec des activit\u00e9s vari\u00e9es, encadr\u00e9es par des professeurs dipl\u00f4m\u00e9s et animateurs exp\u00e9riment\u00e9s (1 animateur pour 8 enfants max.), dans un lieu cr\u00e9atif disposant de nombreuses salles, cour, serre et jardin :<\/span><\/p>\n<p class=\"p1\"><span class=\"s1\"><b>\u00a0Ateliers R\u00e9<\/b>&#8211;<b>Cr\u00e9atifs du Mercredi \u00e0 partir de <\/b><span style=\"color: #000000;\"><em><b>8h 30 \u00e0 18h\u00a0<\/b> <\/em><\/span><\/span><b style=\"font-size: inherit;\">Liste des activit\u00e9s principales:<\/b><\/p>\n<ul>\n<li class=\"p1\"><span class=\"s1\"><b>Arts plastiques<\/b> : dessin le matin\u00a0 et <\/span><b>Arts Cr\u00e9atifs<\/b>(toutes techniques l&rsquo;apr\u00e8s-midi)<\/li>\n<li class=\"p1\"><b>Sport : Gym <\/b>ou<b> Danses<\/b>\u00a0ou\u00a0 <strong>Expression corporelle<span style=\"color: #0000ff;\">*<\/span><\/strong><\/li>\n<li class=\"p1\"><b>\u00e9veil Musical<span style=\"color: #0000ff;\">*<\/span> ou Musique <\/b>en alternance avec<b> le <\/b><strong>Th\u00e9\u00e2tre ou Eveil Th\u00e9\u00e2tral<span style=\"color: #0000ff;\">*\u00a0<\/span><\/strong><\/li>\n<li class=\"p1\"><strong>Anglais <\/strong>(le matin)<strong>, English Talk <\/strong><em>,<\/em>\u00a0jeux en Anglais<\/li>\n<li class=\"p1\"><b>Ainsi que divers autres activit\u00e9s\u00a0<\/b>tel que jeux de soci\u00e9t\u00e9, jeux ext\u00e9rieurs et de ballons (dans la cour ), jeux sportifs, jardinage (jardin, serre), terrasse,<span class=\"Apple-converted-space\">\u00a0 ), <\/span>etc\u2026<\/li>\n<li><span style=\"color: #0000ff;\">* : <em>pour les plus jeunes<\/em><\/span><\/li>\n<\/ul>\n<figure id=\"attachment_443\" aria-describedby=\"caption-attachment-443\" style=\"width: 300px\" class=\"wp-caption alignnone\"><img loading=\"lazy\" decoding=\"async\" class=\"size-medium wp-image-443\" src=\"https:\/\/aracc.fr\/wp-content\/uploads\/2020\/08\/IMG_2731-300x169.png\" alt=\"\" width=\"300\" height=\"169\" srcset=\"https:\/\/aracc.fr\/wp-content\/uploads\/2020\/08\/IMG_2731-300x169.png 300w, https:\/\/aracc.fr\/wp-content\/uploads\/2020\/08\/IMG_2731.png 640w\" sizes=\"auto, (max-width: 300px) 100vw, 300px\" \/><figcaption id=\"caption-attachment-443\" class=\"wp-caption-text\">Salle polyvalente dite \u00ab\u00a0salle zen\u00a0\u00bb<\/figcaption><\/figure>\n<br \/><br \/>\n<figure id=\"attachment_491\" aria-describedby=\"caption-attachment-491\" style=\"width: 300px\" class=\"wp-caption alignnone\"><img loading=\"lazy\" decoding=\"async\" class=\"size-medium wp-image-491\" src=\"https:\/\/aracc.fr\/wp-content\/uploads\/2020\/08\/IMG_2732-300x169.png\" alt=\"\" width=\"300\" height=\"169\" srcset=\"https:\/\/aracc.fr\/wp-content\/uploads\/2020\/08\/IMG_2732-300x169.png 300w, https:\/\/aracc.fr\/wp-content\/uploads\/2020\/08\/IMG_2732.png 640w\" sizes=\"auto, (max-width: 300px) 100vw, 300px\" \/><figcaption id=\"caption-attachment-491\" class=\"wp-caption-text\">salle de musique<\/figcaption><\/figure>\n<p class=\"p1\"><span class=\"s5\">Les enfants devront venir avec leur\u00a0<span style=\"color: #000000;\"><strong>panier pique-nique et leur go\u00fbter.<\/strong>\u00a0<\/span><\/span><span class=\"s6\"><i><br \/><\/i><\/span><\/p>\n<p class=\"p3\" style=\"text-align: left;\"><span class=\"s1\">Le lieu de situe au\u00a0:\u00a0 \u00a0 \u00a0 \u00a0 \u00a0 \u00a0 \u00a0 \u00a0 \u00a0 \u00a0 \u00a0 \u00a0 \u00a0 \u00a0 \u00a0 \u00a0 \u00a0 \u00a0 \u00a0 \u00a0 \u00a0 \u00a0 \u00a0 \u00a0 \u00a0 \u00a0 \u00a0 \u00a0 \u00a0 \u00a0 \u00a0 \u00a0 \u00a0 \u00a0 \u00a0 \u00a0 \u00a0 \u00a0 \u00a0 \u00a0 \u00a0 \u00a0 \u00a0 \u00a0 \u00a0 \u00a0 \u00a0\u00a0<\/span><span class=\"s1\"><span style=\"color: #3366ff;\"><b>51 rue du Commandant Mouchotte 94160 St Mand\u00e9.<\/b><\/span><br \/>Visitez le site :<\/span><b>\u00a0<\/b><span class=\"s8\" style=\"color: #3366ff;\"><b>www.aracc.fr<\/b><\/span><span class=\"s1\"><br \/><\/span><\/p>\n<p class=\"p1\"><span class=\"s1\"><strong>l\u2019Association Ar\u2019Acc \u00e9tant affili\u00e9e \u00e0 la F\u00e9d\u00e9ration de la ligue de L\u2019Enseignement<\/strong> une prise en charge partielle par votre CE ou votre CAF est possible. Chaque enfant est assur\u00e9 individuellement par cette affiliation via l&rsquo;Ar&rsquo;Acc.<\/span><\/p>\n<p style=\"text-align: center;\"><span style=\"color: #0000ff;\"><em>Les enfants de moins de 6 ans peuvent r\u00e9cup\u00e9rer 50% sur leurs imp\u00f4ts<\/em><\/span><\/p>\n<p class=\"p1\"><span class=\"s1\">Pr\u00e9-inscription\u00a0<\/span><span class=\"s10\"><i>(obligatoire pour assurance)<\/i><\/span><span class=\"s1\"> par adh\u00e9sion annuelle de 30\u20ac\u00a0 \u00e0 l\u2019ordre de l\u2019Ar\u2019Acc)\u00a0<\/span><\/p>\n<figure id=\"attachment_506\" aria-describedby=\"caption-attachment-506\" style=\"width: 300px\" class=\"wp-caption alignnone\"><img loading=\"lazy\" decoding=\"async\" class=\"size-medium wp-image-506\" src=\"https:\/\/aracc.fr\/wp-content\/uploads\/2020\/08\/studio-jpg-300x224.jpg\" alt=\"\" width=\"300\" height=\"224\" srcset=\"https:\/\/aracc.fr\/wp-content\/uploads\/2020\/08\/studio-jpg-300x224.jpg 300w, https:\/\/aracc.fr\/wp-content\/uploads\/2020\/08\/studio-jpg-1024x765.jpg 1024w, https:\/\/aracc.fr\/wp-content\/uploads\/2020\/08\/studio-jpg-768x574.jpg 768w, https:\/\/aracc.fr\/wp-content\/uploads\/2020\/08\/studio-jpg-1536x1147.jpg 1536w, https:\/\/aracc.fr\/wp-content\/uploads\/2020\/08\/studio-jpg-2048x1530.jpg 2048w, https:\/\/aracc.fr\/wp-content\/uploads\/2020\/08\/studio-jpg-1200x896.jpg 1200w, https:\/\/aracc.fr\/wp-content\/uploads\/2020\/08\/studio-jpg-1980x1479.jpg 1980w\" sizes=\"auto, (max-width: 300px) 100vw, 300px\" \/><figcaption id=\"caption-attachment-506\" class=\"wp-caption-text\">Studio<\/figcaption><\/figure>\n<hr \/>\n<p class=\"p1\" style=\"text-align: center;\"><span style=\"color: #339966;\">Inscription au centre de Loisirs Artistique de l&rsquo;<strong>Ar&rsquo;Acc<\/strong> pour<strong> 2025-2026<\/strong><\/span><\/p>\n<p class=\"p1\" style=\"text-align: left;\"><span style=\"color: #339966;\">Deux formules possibles :<\/span><\/p>\n<ul>\n<li class=\"p1\" style=\"text-align: left;\"><span style=\"color: #339966;\"><strong>Le matin<\/strong>\u00a0:\u00a0 \u00e0 partir de 8h30 \u00e0 12h : forfait matin : 27\u20ac\u00a0\u00a0<\/span><\/li>\n<li class=\"p1\" style=\"text-align: left;\"><span style=\"color: #339966;\"><strong>L&rsquo;apr\u00e8s-midi<\/strong> : de 13h \u00e0 18h : forfait<\/span><span style=\"color: #339966;\"> 37\u20ac\u00a0<i>\u00a0<\/i><\/span><\/li>\n<li class=\"p1\" style=\"text-align: left;\">ou\u00a0\u00a0<strong style=\"color: #339966;\">la journ\u00e9e compl\u00e8te<\/strong><span style=\"color: #339966;\"> \u00e0 partir de 8h30 \u00e0 18h pour 50\u20ac\u00a0<\/span><\/li>\n<\/ul>\n<p><span style=\"text-decoration: underline;\">Comment s&rsquo;inscrire :<\/span><\/p>\n<ol>\n<li>Visite du site et se rencontrer avec votre enfant<\/li>\n<li>Pr\u00e9-inscription avec versement de la cotisation (30\u20ac) pour affiliation aupr\u00e8s de la f\u00e9d\u00e9ration de la ligue de l&rsquo;enseignement (pour l&rsquo;assurance). R\u00e8glement int\u00e9rieur \u00e0 signer.<\/li>\n<li>S\u00e9ance d&rsquo;essai avant inscription d\u00e9finitive (\u00e0 r\u00e9gler)<\/li>\n<li>Paiement \u00e0 l&rsquo;ann\u00e9e (versement trimestriel et encaissement par session ou mensuelle)<\/li>\n<\/ol>\n<p>\u00a0<\/p>\n<\/div>\n<\/div>\n<\/div>\n<\/div>\n\n\n<figure class=\"wp-block-image size-large\"><img loading=\"lazy\" decoding=\"async\" width=\"734\" height=\"1024\" src=\"https:\/\/aracc.fr\/wp-content\/uploads\/2020\/08\/ARACC-affiche-1-pdf-734x1024.jpg\" alt=\"\" class=\"wp-image-666\"\/><\/figure>\n","protected":false},"excerpt":{"rendered":"<p>\u00a0 Centre de Loisirs Artistiques de l&rsquo;Ar&rsquo;Acc L&rsquo;Ar&rsquo;acc\u00a0(Association de\u00a0Recherche\u00a0Artistique\u00a0Culturelle et\u00a0Chor\u00e9graphique) vous pr\u00e9sente les\u00a0mercredis R\u00e9-Cr\u00e9atifs\u00a0: des ateliers : Art Cr\u00e9atif, Th\u00e9\u00e2tre, Danse, Arts Plastiques (dessin, peinture, sculpture), Cr\u00e9ation Textile, \u00e9veil Musical, English Talk &#8230; De\u00a0 4 ans (3 ans sous certaines conditions) \u00a0\u00e0 12 ans: \u00a0Un mode de garde complet pour votre enfant, avec des activit\u00e9s [&hellip;]<\/p>\n","protected":false},"author":1,"featured_media":0,"parent":0,"menu_order":0,"comment_status":"closed","ping_status":"closed","template":"","meta":{"footnotes":""},"class_list":["post-248","page","type-page","status-publish","hentry"],"_links":{"self":[{"href":"https:\/\/aracc.fr\/index.php\/wp-json\/wp\/v2\/pages\/248","targetHints":{"allow":["GET"]}}],"collection":[{"href":"https:\/\/aracc.fr\/index.php\/wp-json\/wp\/v2\/pages"}],"about":[{"href":"https:\/\/aracc.fr\/index.php\/wp-json\/wp\/v2\/types\/page"}],"author":[{"embeddable":true,"href":"https:\/\/aracc.fr\/index.php\/wp-json\/wp\/v2\/users\/1"}],"replies":[{"embeddable":true,"href":"https:\/\/aracc.fr\/index.php\/wp-json\/wp\/v2\/comments?post=248"}],"version-history":[{"count":12,"href":"https:\/\/aracc.fr\/index.php\/wp-json\/wp\/v2\/pages\/248\/revisions"}],"predecessor-version":[{"id":856,"href":"https:\/\/aracc.fr\/index.php\/wp-json\/wp\/v2\/pages\/248\/revisions\/856"}],"wp:attachment":[{"href":"https:\/\/aracc.fr\/index.php\/wp-json\/wp\/v2\/media?parent=248"}],"curies":[{"name":"wp","href":"https:\/\/api.w.org\/{rel}","templated":true}]}}